{"id":62,"date":"2020-06-29T08:15:21","date_gmt":"2020-06-29T08:15:21","guid":{"rendered":"https:\/\/stockholm66.qodeinteractive.com\/?page_id=62"},"modified":"2024-08-14T13:28:24","modified_gmt":"2024-08-14T11:28:24","slug":"about","status":"publish","type":"page","link":"https:\/\/www.hoppes.hamburg\/?page_id=62","title":{"rendered":"\u00dcber Uns"},"content":{"rendered":"\t\t<div data-elementor-type=\"wp-page\" data-elementor-id=\"62\" class=\"elementor elementor-62\">\n\t\t\t\t\t\t<div class=\"elementor-inner\">\n\t\t\t\t<div class=\"elementor-section-wrap\">\n\t\t\t\t\t\t\t\t\t<section class=\"elementor-section elementor-top-section elementor-element elementor-element-cd27b45 elementor-section-full_width elementor-section-height-min-height elementor-section-height-default elementor-section-items-middle parallax_section_no qode_elementor_container_no qode-content-aligment-left\" data-id=\"cd27b45\" data-element_type=\"section\" data-settings=\"{&quot;background_background&quot;:&quot;classic&quot;}\">\n\t\t\t\t\t\t<div class=\"elementor-container elementor-column-gap-no\">\n\t\t\t\t\t\t\t<div class=\"elementor-row\">\n\t\t\t\t\t<div class=\"elementor-column elementor-col-100 elementor-top-column elementor-element elementor-element-8414d78\" data-id=\"8414d78\" data-element_type=\"column\">\n\t\t\t<div class=\"elementor-column-wrap elementor-element-populated\">\n\t\t\t\t\t\t\t<div class=\"elementor-widget-wrap\">\n\t\t\t\t\t\t<div class=\"elementor-element elementor-element-b723fd8 elementor-widget elementor-widget-image\" data-id=\"b723fd8\" data-element_type=\"widget\" data-widget_type=\"image.default\">\n\t\t\t\t<div class=\"elementor-widget-container\">\n\t\t\t\t\t\t\t\t<div class=\"elementor-image\">\n\t\t\t\t\t\t\t\t\t\t\t\t<img loading=\"lazy\" decoding=\"async\" width=\"1024\" height=\"359\" src=\"https:\/\/www.hoppes.hamburg\/wp-content\/uploads\/2020\/11\/RestaurantHoppe_-402_platzhalter-1024x359.png\" class=\"attachment-large size-large\" alt=\"\" srcset=\"https:\/\/www.hoppes.hamburg\/wp-content\/uploads\/2020\/11\/RestaurantHoppe_-402_platzhalter-1024x359.png 1024w, https:\/\/www.hoppes.hamburg\/wp-content\/uploads\/2020\/11\/RestaurantHoppe_-402_platzhalter-300x105.png 300w, https:\/\/www.hoppes.hamburg\/wp-content\/uploads\/2020\/11\/RestaurantHoppe_-402_platzhalter-768x269.png 768w, https:\/\/www.hoppes.hamburg\/wp-content\/uploads\/2020\/11\/RestaurantHoppe_-402_platzhalter-1536x538.png 1536w, https:\/\/www.hoppes.hamburg\/wp-content\/uploads\/2020\/11\/RestaurantHoppe_-402_platzhalter-2048x718.png 2048w, https:\/\/www.hoppes.hamburg\/wp-content\/uploads\/2020\/11\/RestaurantHoppe_-402_platzhalter-700x245.png 700w, https:\/\/www.hoppes.hamburg\/wp-content\/uploads\/2020\/11\/RestaurantHoppe_-402_platzhalter-1100x386.png 1100w\" sizes=\"auto, (max-width: 1024px) 100vw, 1024px\" \/>\t\t\t\t\t\t\t\t\t\t\t\t\t\t<\/div>\n\t\t\t\t\t\t<\/div>\n\t\t\t\t<\/div>\n\t\t\t\t\t\t<\/div>\n\t\t\t\t\t<\/div>\n\t\t<\/div>\n\t\t\t\t\t\t\t\t<\/div>\n\t\t\t\t\t<\/div>\n\t\t<\/section>\n\t\t\t\t<section class=\"elementor-section elementor-top-section elementor-element elementor-element-1d607eb qode_elementor_container_inner elementor-section-boxed elementor-section-height-default elementor-section-height-default parallax_section_no qode-content-aligment-left\" data-id=\"1d607eb\" data-element_type=\"section\">\n\t\t\t\t\t\t<div class=\"elementor-container elementor-column-gap-default\">\n\t\t\t\t\t\t\t<div class=\"elementor-row\">\n\t\t\t\t\t<div class=\"elementor-column elementor-col-100 elementor-top-column elementor-element elementor-element-e283b06\" data-id=\"e283b06\" data-element_type=\"column\">\n\t\t\t<div class=\"elementor-column-wrap elementor-element-populated\">\n\t\t\t\t\t\t\t<div class=\"elementor-widget-wrap\">\n\t\t\t\t\t\t<div class=\"elementor-element elementor-element-a09836b elementor-widget elementor-widget-heading\" data-id=\"a09836b\" data-element_type=\"widget\" data-widget_type=\"heading.default\">\n\t\t\t\t<div class=\"elementor-widget-container\">\n\t\t\t<h2 class=\"elementor-heading-title elementor-size-default\">\u00dcber UnS<\/h2>\t\t<\/div>\n\t\t\t\t<\/div>\n\t\t\t\t<div class=\"elementor-element elementor-element-4f0dc01 elementor-widget elementor-widget-text-editor\" data-id=\"4f0dc01\" data-element_type=\"widget\" data-widget_type=\"text-editor.default\">\n\t\t\t\t<div class=\"elementor-widget-container\">\n\t\t\t\t\t\t\t\t<div class=\"elementor-text-editor elementor-clearfix\">\n\t\t\t\t<p>Hoppe&#8217;s Restaurant &#8211; das sind vier Generationen Hamburger Gastronomie direkt am Hafen. Von der Pike auf gelernte und gelebte Gastgeberrolle, die Zubereitung maritimer K\u00fcche und das gewisse Hamburger Etwas, das man dann eben manchmal doch nicht erlernen, sondern nur erleben und vererben kann.<\/p><p><br><\/p>\n<p><\/p>\n<p>Und so h\u00e4lt heute Patrick Hoppe das Ruder von Hoppe&#8217;s Restaurant in Hamburg \u00d6velg\u00f6nne in der Hand, genau wie vor vier Generationen bereits sein Urgro\u00dfvater und zuletzt sein Vater Peter Hoppe. Gelebte Familientradition also &#8211; mit modernem Einfluss. Und das mitten im Herzen Hamburgs, direkt am Elbstrand. Dort, wo einst alles begann. Herzlich willkommen in Hoppe&#8217;s Restaurant.<\/p>\t\t\t\t\t<\/div>\n\t\t\t\t\t\t<\/div>\n\t\t\t\t<\/div>\n\t\t\t\t\t\t<\/div>\n\t\t\t\t\t<\/div>\n\t\t<\/div>\n\t\t\t\t\t\t\t\t<\/div>\n\t\t\t\t\t<\/div>\n\t\t<\/section>\n\t\t\t\t<section class=\"elementor-section elementor-top-section elementor-element elementor-element-4929850 elementor-section-full_width elementor-section-height-default elementor-section-height-default parallax_section_no qode_elementor_container_no qode-content-aligment-left\" data-id=\"4929850\" data-element_type=\"section\">\n\t\t\t\t\t\t<div class=\"elementor-container elementor-column-gap-no\">\n\t\t\t\t\t\t\t<div class=\"elementor-row\">\n\t\t\t\t\t<div class=\"elementor-column elementor-col-50 elementor-top-column elementor-element elementor-element-30964f2\" data-id=\"30964f2\" data-element_type=\"column\">\n\t\t\t<div class=\"elementor-column-wrap elementor-element-populated\">\n\t\t\t\t\t\t\t<div class=\"elementor-widget-wrap\">\n\t\t\t\t\t\t<div class=\"elementor-element elementor-element-f4f3bf0 elementor-widget elementor-widget-team\" data-id=\"f4f3bf0\" data-element_type=\"widget\" data-widget_type=\"team.default\">\n\t\t\t\t<div class=\"elementor-widget-container\">\n\t\t\t<div class='q_team info_hover'><div class='q_team_inner'><div class='q_team_image'><img decoding=\"async\" src=\"https:\/\/www.hoppes.hamburg\/wp-content\/uploads\/2020\/11\/RestaurantHoppe_-381-scaled.jpg\" alt=\"team_image\"  \/><div class='q_team_social_holder' ><div class='q_team_social'><div class='q_team_social_inner'><div class='q_team_title_holder'><h3 class='q_team_name' >Patrick Hoppe<\/h3><h6 class='q_team_position' >Inhaber<\/h6><\/div><div class='q_team_social_on_hover'><\/div><\/div><\/div><\/div><\/div><\/div><\/div>\t\t<\/div>\n\t\t\t\t<\/div>\n\t\t\t\t\t\t<\/div>\n\t\t\t\t\t<\/div>\n\t\t<\/div>\n\t\t\t\t<div class=\"elementor-column elementor-col-50 elementor-top-column elementor-element elementor-element-6d89ca2\" data-id=\"6d89ca2\" data-element_type=\"column\">\n\t\t\t<div class=\"elementor-column-wrap elementor-element-populated\">\n\t\t\t\t\t\t\t<div class=\"elementor-widget-wrap\">\n\t\t\t\t\t\t<div class=\"elementor-element elementor-element-9132193 elementor-widget elementor-widget-team\" data-id=\"9132193\" data-element_type=\"widget\" data-widget_type=\"team.default\">\n\t\t\t\t<div class=\"elementor-widget-container\">\n\t\t\t<div class='q_team info_hover'><div class='q_team_inner'><div class='q_team_image'><img decoding=\"async\" src=\"https:\/\/www.hoppes.hamburg\/wp-content\/uploads\/2024\/08\/RestaurantHoppe_-232_cropped-scaled.jpg\" alt=\"team_image\"  \/><div class='q_team_social_holder' ><div class='q_team_social'><div class='q_team_social_inner'><div class='q_team_title_holder'>< class='q_team_name' ><\/><\/div><div class='q_team_social_on_hover'><\/div><\/div><\/div><\/div><\/div><\/div><\/div>\t\t<\/div>\n\t\t\t\t<\/div>\n\t\t\t\t\t\t<\/div>\n\t\t\t\t\t<\/div>\n\t\t<\/div>\n\t\t\t\t\t\t\t\t<\/div>\n\t\t\t\t\t<\/div>\n\t\t<\/section>\n\t\t\t\t<section class=\"elementor-section elementor-top-section elementor-element elementor-element-9d15318 elementor-section-full_width elementor-section-height-default elementor-section-height-default parallax_section_no qode_elementor_container_no qode-content-aligment-left\" data-id=\"9d15318\" data-element_type=\"section\">\n\t\t\t\t\t\t<div class=\"elementor-container elementor-column-gap-no\">\n\t\t\t\t\t\t\t<div class=\"elementor-row\">\n\t\t\t\t\t<div class=\"elementor-column elementor-col-25 elementor-top-column elementor-element elementor-element-41fd736\" data-id=\"41fd736\" data-element_type=\"column\">\n\t\t\t<div class=\"elementor-column-wrap elementor-element-populated\">\n\t\t\t\t\t\t\t<div class=\"elementor-widget-wrap\">\n\t\t\t\t\t\t<div class=\"elementor-element elementor-element-87c2cc6 elementor-widget elementor-widget-image\" data-id=\"87c2cc6\" data-element_type=\"widget\" data-widget_type=\"image.default\">\n\t\t\t\t<div class=\"elementor-widget-container\">\n\t\t\t\t\t\t\t\t<div class=\"elementor-image\">\n\t\t\t\t\t\t\t\t\t\t\t\t<img loading=\"lazy\" decoding=\"async\" width=\"807\" height=\"725\" src=\"https:\/\/www.hoppes.hamburg\/wp-content\/uploads\/2020\/11\/Alt01.jpg\" class=\"attachment-large size-large\" alt=\"\" srcset=\"https:\/\/www.hoppes.hamburg\/wp-content\/uploads\/2020\/11\/Alt01.jpg 807w, https:\/\/www.hoppes.hamburg\/wp-content\/uploads\/2020\/11\/Alt01-300x270.jpg 300w, https:\/\/www.hoppes.hamburg\/wp-content\/uploads\/2020\/11\/Alt01-768x690.jpg 768w, https:\/\/www.hoppes.hamburg\/wp-content\/uploads\/2020\/11\/Alt01-700x629.jpg 700w, https:\/\/www.hoppes.hamburg\/wp-content\/uploads\/2020\/11\/Alt01-125x112.jpg 125w\" sizes=\"auto, (max-width: 807px) 100vw, 807px\" \/>\t\t\t\t\t\t\t\t\t\t\t\t\t\t<\/div>\n\t\t\t\t\t\t<\/div>\n\t\t\t\t<\/div>\n\t\t\t\t\t\t<\/div>\n\t\t\t\t\t<\/div>\n\t\t<\/div>\n\t\t\t\t<div class=\"elementor-column elementor-col-25 elementor-top-column elementor-element elementor-element-201e89f\" data-id=\"201e89f\" data-element_type=\"column\">\n\t\t\t<div class=\"elementor-column-wrap elementor-element-populated\">\n\t\t\t\t\t\t\t<div class=\"elementor-widget-wrap\">\n\t\t\t\t\t\t<div class=\"elementor-element elementor-element-a3b72cf elementor-widget elementor-widget-image\" data-id=\"a3b72cf\" data-element_type=\"widget\" data-widget_type=\"image.default\">\n\t\t\t\t<div class=\"elementor-widget-container\">\n\t\t\t\t\t\t\t\t<div class=\"elementor-image\">\n\t\t\t\t\t\t\t\t\t\t\t\t<img loading=\"lazy\" decoding=\"async\" width=\"807\" height=\"725\" src=\"https:\/\/www.hoppes.hamburg\/wp-content\/uploads\/2020\/11\/Alt02.jpg\" class=\"attachment-large size-large\" alt=\"\" srcset=\"https:\/\/www.hoppes.hamburg\/wp-content\/uploads\/2020\/11\/Alt02.jpg 807w, https:\/\/www.hoppes.hamburg\/wp-content\/uploads\/2020\/11\/Alt02-300x270.jpg 300w, https:\/\/www.hoppes.hamburg\/wp-content\/uploads\/2020\/11\/Alt02-768x690.jpg 768w, https:\/\/www.hoppes.hamburg\/wp-content\/uploads\/2020\/11\/Alt02-700x629.jpg 700w, https:\/\/www.hoppes.hamburg\/wp-content\/uploads\/2020\/11\/Alt02-125x112.jpg 125w\" sizes=\"auto, (max-width: 807px) 100vw, 807px\" \/>\t\t\t\t\t\t\t\t\t\t\t\t\t\t<\/div>\n\t\t\t\t\t\t<\/div>\n\t\t\t\t<\/div>\n\t\t\t\t\t\t<\/div>\n\t\t\t\t\t<\/div>\n\t\t<\/div>\n\t\t\t\t<div class=\"elementor-column elementor-col-25 elementor-top-column elementor-element elementor-element-78ea563\" data-id=\"78ea563\" data-element_type=\"column\">\n\t\t\t<div class=\"elementor-column-wrap elementor-element-populated\">\n\t\t\t\t\t\t\t<div class=\"elementor-widget-wrap\">\n\t\t\t\t\t\t<div class=\"elementor-element elementor-element-8487914 elementor-widget elementor-widget-image\" data-id=\"8487914\" data-element_type=\"widget\" data-widget_type=\"image.default\">\n\t\t\t\t<div class=\"elementor-widget-container\">\n\t\t\t\t\t\t\t\t<div class=\"elementor-image\">\n\t\t\t\t\t\t\t\t\t\t\t\t<img loading=\"lazy\" decoding=\"async\" width=\"807\" height=\"725\" src=\"https:\/\/www.hoppes.hamburg\/wp-content\/uploads\/2020\/11\/Alt05.jpg\" class=\"attachment-large size-large\" alt=\"\" srcset=\"https:\/\/www.hoppes.hamburg\/wp-content\/uploads\/2020\/11\/Alt05.jpg 807w, https:\/\/www.hoppes.hamburg\/wp-content\/uploads\/2020\/11\/Alt05-300x270.jpg 300w, https:\/\/www.hoppes.hamburg\/wp-content\/uploads\/2020\/11\/Alt05-768x690.jpg 768w, https:\/\/www.hoppes.hamburg\/wp-content\/uploads\/2020\/11\/Alt05-700x629.jpg 700w, https:\/\/www.hoppes.hamburg\/wp-content\/uploads\/2020\/11\/Alt05-125x112.jpg 125w\" sizes=\"auto, (max-width: 807px) 100vw, 807px\" \/>\t\t\t\t\t\t\t\t\t\t\t\t\t\t<\/div>\n\t\t\t\t\t\t<\/div>\n\t\t\t\t<\/div>\n\t\t\t\t\t\t<\/div>\n\t\t\t\t\t<\/div>\n\t\t<\/div>\n\t\t\t\t<div class=\"elementor-column elementor-col-25 elementor-top-column elementor-element elementor-element-8c6baba\" data-id=\"8c6baba\" data-element_type=\"column\">\n\t\t\t<div class=\"elementor-column-wrap elementor-element-populated\">\n\t\t\t\t\t\t\t<div class=\"elementor-widget-wrap\">\n\t\t\t\t\t\t<div class=\"elementor-element elementor-element-b902b53 elementor-widget elementor-widget-image\" data-id=\"b902b53\" data-element_type=\"widget\" data-widget_type=\"image.default\">\n\t\t\t\t<div class=\"elementor-widget-container\">\n\t\t\t\t\t\t\t\t<div class=\"elementor-image\">\n\t\t\t\t\t\t\t\t\t\t\t\t<img loading=\"lazy\" decoding=\"async\" width=\"807\" height=\"725\" src=\"https:\/\/www.hoppes.hamburg\/wp-content\/uploads\/2020\/11\/Alt0406.png.jpg\" class=\"attachment-large size-large\" alt=\"\" srcset=\"https:\/\/www.hoppes.hamburg\/wp-content\/uploads\/2020\/11\/Alt0406.png.jpg 807w, https:\/\/www.hoppes.hamburg\/wp-content\/uploads\/2020\/11\/Alt0406.png-300x270.jpg 300w, https:\/\/www.hoppes.hamburg\/wp-content\/uploads\/2020\/11\/Alt0406.png-768x690.jpg 768w, https:\/\/www.hoppes.hamburg\/wp-content\/uploads\/2020\/11\/Alt0406.png-700x629.jpg 700w, https:\/\/www.hoppes.hamburg\/wp-content\/uploads\/2020\/11\/Alt0406.png-125x112.jpg 125w\" sizes=\"auto, (max-width: 807px) 100vw, 807px\" \/>\t\t\t\t\t\t\t\t\t\t\t\t\t\t<\/div>\n\t\t\t\t\t\t<\/div>\n\t\t\t\t<\/div>\n\t\t\t\t\t\t<\/div>\n\t\t\t\t\t<\/div>\n\t\t<\/div>\n\t\t\t\t\t\t\t\t<\/div>\n\t\t\t\t\t<\/div>\n\t\t<\/section>\n\t\t\t\t\t\t\t\t\t<\/div>\n\t\t\t<\/div>\n\t\t\t\t\t<\/div>\n\t\t","protected":false},"excerpt":{"rendered":"<p>\u00dcber UnS Hoppe&#8217;s Restaurant &#8211; das sind vier Generationen Hamburger Gastronomie direkt am Hafen. Von der Pike auf gelernte und gelebte Gastgeberrolle, die Zubereitung maritimer K\u00fcche und das gewisse Hamburger Etwas, das man dann eben manchmal doch nicht erlernen, sondern nur erleben und vererben kann&#8230;.<\/p>\n","protected":false},"author":1,"featured_media":0,"parent":0,"menu_order":0,"comment_status":"closed","ping_status":"closed","template":"full_width.php","meta":{"footnotes":""},"class_list":["post-62","page","type-page","status-publish","hentry"],"_links":{"self":[{"href":"https:\/\/www.hoppes.hamburg\/index.php?rest_route=\/wp\/v2\/pages\/62","targetHints":{"allow":["GET"]}}],"collection":[{"href":"https:\/\/www.hoppes.hamburg\/index.php?rest_route=\/wp\/v2\/pages"}],"about":[{"href":"https:\/\/www.hoppes.hamburg\/index.php?rest_route=\/wp\/v2\/types\/page"}],"author":[{"embeddable":true,"href":"https:\/\/www.hoppes.hamburg\/index.php?rest_route=\/wp\/v2\/users\/1"}],"replies":[{"embeddable":true,"href":"https:\/\/www.hoppes.hamburg\/index.php?rest_route=%2Fwp%2Fv2%2Fcomments&post=62"}],"version-history":[{"count":121,"href":"https:\/\/www.hoppes.hamburg\/index.php?rest_route=\/wp\/v2\/pages\/62\/revisions"}],"predecessor-version":[{"id":1208,"href":"https:\/\/www.hoppes.hamburg\/index.php?rest_route=\/wp\/v2\/pages\/62\/revisions\/1208"}],"wp:attachment":[{"href":"https:\/\/www.hoppes.hamburg\/index.php?rest_route=%2Fwp%2Fv2%2Fmedia&parent=62"}],"curies":[{"name":"wp","href":"https:\/\/api.w.org\/{rel}","templated":true}]}}