{"id":735,"date":"2020-11-17T20:07:06","date_gmt":"2020-11-17T19:07:06","guid":{"rendered":"https:\/\/www.hoppes.hamburg\/?page_id=735"},"modified":"2020-12-06T12:12:51","modified_gmt":"2020-12-06T11:12:51","slug":"datenschutz","status":"publish","type":"page","link":"https:\/\/www.hoppes.hamburg\/?page_id=735","title":{"rendered":"Datenschutzerkl\u00e4rung"},"content":{"rendered":"\t\t<div data-elementor-type=\"wp-page\" data-elementor-id=\"735\" class=\"elementor elementor-735\">\n\t\t\t\t\t\t<div class=\"elementor-inner\">\n\t\t\t\t<div class=\"elementor-section-wrap\">\n\t\t\t\t\t\t\t\t\t<section class=\"elementor-section elementor-top-section elementor-element elementor-element-6323bf4 elementor-section-full_width elementor-section-stretched elementor-section-height-default elementor-section-height-default parallax_section_no qode_elementor_container_no qode-content-aligment-left\" data-id=\"6323bf4\" data-element_type=\"section\" data-settings=\"{&quot;background_background&quot;:&quot;classic&quot;,&quot;stretch_section&quot;:&quot;section-stretched&quot;}\">\n\t\t\t\t\t\t<div class=\"elementor-container elementor-column-gap-no\">\n\t\t\t\t\t\t\t<div class=\"elementor-row\">\n\t\t\t\t\t<div class=\"elementor-column elementor-col-100 elementor-top-column elementor-element elementor-element-30f8d45\" data-id=\"30f8d45\" data-element_type=\"column\">\n\t\t\t<div class=\"elementor-column-wrap elementor-element-populated\">\n\t\t\t\t\t\t\t<div class=\"elementor-widget-wrap\">\n\t\t\t\t\t\t<div class=\"elementor-element elementor-element-dd503b1 elementor-widget elementor-widget-image\" data-id=\"dd503b1\" data-element_type=\"widget\" data-widget_type=\"image.default\">\n\t\t\t\t<div class=\"elementor-widget-container\">\n\t\t\t\t\t\t\t\t<div class=\"elementor-image\">\n\t\t\t\t\t\t\t\t\t\t\t\t<img loading=\"lazy\" decoding=\"async\" width=\"1024\" height=\"359\" src=\"https:\/\/www.hoppes.hamburg\/wp-content\/uploads\/2020\/11\/RestaurantHoppe_-402_platzhalter-1024x359.png\" class=\"attachment-large size-large\" alt=\"\" srcset=\"https:\/\/www.hoppes.hamburg\/wp-content\/uploads\/2020\/11\/RestaurantHoppe_-402_platzhalter-1024x359.png 1024w, https:\/\/www.hoppes.hamburg\/wp-content\/uploads\/2020\/11\/RestaurantHoppe_-402_platzhalter-300x105.png 300w, https:\/\/www.hoppes.hamburg\/wp-content\/uploads\/2020\/11\/RestaurantHoppe_-402_platzhalter-768x269.png 768w, https:\/\/www.hoppes.hamburg\/wp-content\/uploads\/2020\/11\/RestaurantHoppe_-402_platzhalter-1536x538.png 1536w, https:\/\/www.hoppes.hamburg\/wp-content\/uploads\/2020\/11\/RestaurantHoppe_-402_platzhalter-2048x718.png 2048w, https:\/\/www.hoppes.hamburg\/wp-content\/uploads\/2020\/11\/RestaurantHoppe_-402_platzhalter-700x245.png 700w, https:\/\/www.hoppes.hamburg\/wp-content\/uploads\/2020\/11\/RestaurantHoppe_-402_platzhalter-1100x386.png 1100w\" sizes=\"auto, (max-width: 1024px) 100vw, 1024px\" \/>\t\t\t\t\t\t\t\t\t\t\t\t\t\t<\/div>\n\t\t\t\t\t\t<\/div>\n\t\t\t\t<\/div>\n\t\t\t\t\t\t<\/div>\n\t\t\t\t\t<\/div>\n\t\t<\/div>\n\t\t\t\t\t\t\t\t<\/div>\n\t\t\t\t\t<\/div>\n\t\t<\/section>\n\t\t\t\t<section class=\"elementor-section elementor-top-section elementor-element elementor-element-77ac496 elementor-section-boxed elementor-section-height-default elementor-section-height-default parallax_section_no qode_elementor_container_no qode-content-aligment-left\" data-id=\"77ac496\" data-element_type=\"section\">\n\t\t\t\t\t\t<div class=\"elementor-container elementor-column-gap-default\">\n\t\t\t\t\t\t\t<div class=\"elementor-row\">\n\t\t\t\t\t<div class=\"elementor-column elementor-col-100 elementor-top-column elementor-element elementor-element-49d5bc4\" data-id=\"49d5bc4\" data-element_type=\"column\">\n\t\t\t<div class=\"elementor-column-wrap elementor-element-populated\">\n\t\t\t\t\t\t\t<div class=\"elementor-widget-wrap\">\n\t\t\t\t\t\t<div class=\"elementor-element elementor-element-dd7559b elementor-widget elementor-widget-heading\" data-id=\"dd7559b\" data-element_type=\"widget\" data-widget_type=\"heading.default\">\n\t\t\t\t<div class=\"elementor-widget-container\">\n\t\t\t<h2 class=\"elementor-heading-title elementor-size-default\">Datenschutz<\/h2>\t\t<\/div>\n\t\t\t\t<\/div>\n\t\t\t\t<div class=\"elementor-element elementor-element-852fff7 elementor-widget elementor-widget-text-editor\" data-id=\"852fff7\" data-element_type=\"widget\" data-widget_type=\"text-editor.default\">\n\t\t\t\t<div class=\"elementor-widget-container\">\n\t\t\t\t\t\t\t\t<div class=\"elementor-text-editor elementor-clearfix\">\n\t\t\t\t<p><strong>Erhebung, Verarbeitung und Nutzung von personenbezogenen Daten<\/strong><\/p>\n<p><strong>&nbsp;<\/strong><\/p>\n<p>Die folgenden Hinweise gelten f\u00fcr die Benutzung der Website des Restaurants \u201eHoppe\u2019s Hamburg\u201c (im Folgenden Hoppe\u2019s Hamburg) unter&nbsp;<a href=\"https:\/\/www.hoppes.hamburg\/\" target=\"_blank\" rel=\"noopener noreferrer\">https:\/\/www.hoppes.hamburg<\/a><\/p>\n<p>Hoppe\u2019s Hamburg erhebt, verarbeitet und nutzt grunds\u00e4tzlich keine personenbezogenen Daten.<\/p>\n<p>Personenbezogene Daten sind nach \u00a7 3 Abs. 1 Bundesdatenschutzgesetz (BDSG) Einzelangaben \u00fcber pers\u00f6nliche oder sachliche Verh\u00e4ltnisse einer bestimmten oder bestimmbaren nat\u00fcrlichen Person. Dazu z\u00e4hlen bspw. der Name und Vorname, die (den Inhaber benennende) E-Mail-Adresse, der Familienstand, das Geburtsdatum und weitere Angaben, sofern die speichernde Stelle hieraus einen Personenbezug herstellen kann.<\/p>\n<p>Einen solchen Personenbezug kann Hoppe\u2019s Hamburg grunds\u00e4tzlich nicht herstellen.<\/p>\n<p><strong><br><\/strong><\/p><p><strong>Keine Weiterleitung von Daten<\/strong><\/p>\n<p><strong>&nbsp;<\/strong><\/p>\n<p>An Dritte werden Daten nicht weiter geleitet, es sei denn, dies ist zur Abwicklung eines Vertragsverh\u00e4ltnisses erforderlich oder es besteht hierzu eine gesetzliche Verpflichtung, z. B. gem\u00e4\u00df \u00a7 14 Abs. 2 Telemediengesetz (TMG) zum Zwecke der Strafverfolgung oder der Gefahrenabwehr sowie gem\u00e4\u00df \u00a7 15 Abs. 8 TMG zum Zwecke der Rechtsverfolgung.<\/p>\n<p><strong><br><\/strong><\/p><p><strong>Auskunfts- und Widerspruchsrecht<\/strong><\/p>\n<p><strong>&nbsp;<\/strong><\/p>\n<p>Auf Anfrage wird Hoppe\u2019s Hamburg jederzeit Auskunft \u00fcber die bez\u00fcglich Ihrer Person gespeicherten Daten, deren Herkunft und Empf\u00e4nger sowie den Zweck der Speicherung erteilen. Die L\u00f6schung der personenbezogenen Daten erfolgt, wenn Sie dies w\u00fcnschen, wenn deren Kenntnis zur Erf\u00fcllung des mit der Speicherung verfolgten Zwecks nicht mehr erforderlich ist oder wenn die Speicherung aus sonstigen gesetzlichen Gr\u00fcnden unzul\u00e4ssig ist.<\/p>\n<p>Bitte richten Sie s\u00e4mtliche Anfragen und \/ oder Ihren Widerspruch schriftlich oder per E-Mail an:<\/p>\n<p>Hoppe\u2019s Hamburg<br>Patrick Hoppe<br>\u00d6velg\u00f6nne 6<br>22605 Hamburg<br>E-Mail:&nbsp;<a href=\"mailto:info@hoppes.hamburg\">info@hoppes.hamburg<\/a><\/p>\n<p><strong><br><\/strong><\/p><p><strong>Besondere Hinweise<\/strong><\/p>\n<p><strong>&nbsp;<\/strong><\/p>\n<p>Nachfolgend erhalten Sie detaillierte Hinweise, unter welchen Umst\u00e4nden Hoppe\u2019s Hamburg (personenbezogene) Daten erhebt, verarbeitet und nutzt:<\/p><p><br><\/p>\n<p><strong>1. Reservierungsanfrage \/ Kontakt<\/strong><\/p>\n<p><strong>&nbsp;<\/strong><\/p>\n<p>Wenn Sie unser Formular f\u00fcr eine Reservierungsanfrage unter&nbsp;<a href=\"https:\/\/www.hoppes.hamburg\/reservierung\" target=\"_blank\" rel=\"noopener noreferrer\">https:\/\/www.hoppes.hamburg\/reservierung<\/a>&nbsp;verwenden, werden Ihr Vor- und Nachname, Ihre E-Mail Adresse sowie Ihre Telefonnummer f\u00fcr R\u00fcckfragen erhoben und verwendet. Klicken Sie dort oder an anderer Stelle der Website auf eine E-Mail Adresse, so \u00f6ffnet sich Ihr Standard E-Mail Programm und Sie k\u00f6nnen uns eine Nachricht schreiben. Hierbei wird Ihre E-Mail Adresse verwendet. Weitere personenbezogene Datenangaben sind nicht erforderlich.<\/p>\n<p><strong><br><\/strong><\/p><p><strong>2. Newsletter<\/strong><\/p>\n<p><strong>&nbsp;<\/strong><\/p>\n<p>Unser Newsletter wird \u00fcber den Anbieter \u201eMailChimp\u201c bereitgestellt. \u201eMailChimp\u201c ist ein Newsletter-Dienst des Unternehmens Rocket Science Group, LLC, 675 Ponce De Leon Ave NE #5000, Atlanta, GA 30308, USA. Informationen zum Datenschutz von \u201eMailChimp\u201c erhalten Sie hier:&nbsp;<a href=\"https:\/\/mailchimp.com\/legal\/privacy\/\" target=\"_blank\" rel=\"noopener noreferrer\">https:\/\/mailchimp.com\/legal\/privacy\/<\/a>&nbsp;Wir weisen darauf hin, dass auf der Website von \u201eMailChimp\u201c Cookies verwendet werden.<\/p>\n<p>Wenn Sie sich f\u00fcr unseren Newsletter eintragen, werden Ihre E-Mail Adresse sowie Ihr Vor- und Nachname erhoben, gespeichert und verwendet. Sie k\u00f6nnen uns auf freiwilliger Basis auch Ihr Geschlecht nennen.<\/p>\n<p>Diese Daten werden auf Servern von MailChimp in den USA gespeichert. Nach bisheriger Kenntnis werden diese Informationen neben dem Versand auch f\u00fcr statistische Zwecke verwendet, die Newsletterempf\u00e4nger jedoch nicht von MailChimp kontaktiert. Eine Weitergabe der Daten an Dritte erfolgt nach unserer Kenntnis nicht.<\/p>\n<p>Die statistischen Erhebungen erfolgen mittels einen sog. \u201eweb beacon\u201c. Durch diesen werden insbesondere folgende Daten ermittelt:<\/p>\n<p>&#8211; die vollst\u00e4ndige IP-Adresse<br>&#8211; Zugriffszeiten \/ Uhrzeit des \u00d6ffnens<br>&#8211; weitere Informationen bzgl. System und Browser<\/p>\n<p><strong><br><\/strong><\/p><p><strong>Widerrufsrecht<\/strong><\/p>\n<p><strong>&nbsp;<\/strong><\/p>\n<p>Sie k\u00f6nnen jederzeit \u2013 ohne die Angabe von Gr\u00fcnden \u2013 dem weiteren Erhalt des Newsletters widersprechen, indem Sie auf den entsprechenden Link am unteren Ende des jeweiligen Newsletters klicken. Alternativ k\u00f6nnen Sie uns eine E-Mail an&nbsp;<a href=\"mailto:info@hoppes.hamburg\" target=\"_blank\" rel=\"noopener noreferrer\">info@hoppes.hamburg<\/a>&nbsp;schreiben.<\/p>\n<p><strong><br><\/strong><\/p><p><strong>3. Webanalyse &amp; Cookies<\/strong><\/p>\n<p><strong>&nbsp;<\/strong><\/p>\n<p>Diese Website verwendet sog. &#8222;Cookies&#8220;, insbesondere im Zusammenhang mit Google Analytics, einem Webanalysedienst der Google Inc. (\u201eGoogle\u201c).<\/p>\n<p>&#8222;Cookies&#8220; sind Textdateien, welche auf Ihrem Computer gespeichert werden und eine Analyse der Benutzung der Website erm\u00f6glichen. Diese Cookies werden z. B. ben\u00f6tigt, um Fotos und Grafiken f\u00fcr jedes Ger\u00e4t optimiert zu generieren.<\/p>\n<p>Die durch den Cookie erzeugten Informationen \u00fcber die Benutzung dieser Website werden durch die Verwendung von Google Analytics an einen Server von Google in den USA \u00fcbertragen und dort gespeichert. Die IP-Adresse wird im Rahmen der Webanalyse in den letzten beiden Bytes (z. B. 192.168.xxx.xxx) anonymisiert bzw. pseudonymisiert.<\/p>\n<p>Es werden keine weiteren Informationen in diesen Cookies gespeichert.<\/p>\n<p>Die Installation der Cookies kann durch eine ent\u00adsprechende Ein\u00adstellung in der Browser-Software verhindert werden. Es wird jedoch darauf hingewiesen, dass in diesem Fall ggf. nicht alle Funk\u00adtionen der Website voll\u00adum\u00adf\u00e4ng\u00adlich genutzt werden k\u00f6nnen.<\/p>\n<p>Sie k\u00f6nnen ggf. zus\u00e4tzlich ein von Google bereit gestelltes Plug-In in Ihrem Browser installieren, welches nach den von Google hierzu erh\u00e4ltlichen Informationen eine \u00dcbermittlung von Daten an Google Analytics verhindert:&nbsp;<a href=\"https:\/\/tools.google.com\/dlpage\/gaoptout?hl=de\" target=\"_blank\" rel=\"noopener noreferrer\">https:\/\/tools.google.com\/dlpage\/gaoptout?hl=de<\/a><\/p>\n<p>Google wird diese Informationen benutzen, um die Nutzung der Website auszuwerten, um Reports \u00fcber die Websiteaktivit\u00e4ten f\u00fcr die Websitebetreiber zusammenzustellen und um weitere mit der Websitenutzung und der Internetnutzung verbundene Dienstleistungen zu erbringen. Auch wird Google diese Informationen gegebenenfalls an Dritte \u00fcbertragen, sofern dies gesetzlich vorgeschrieben oder soweit Dritte diese Daten im Auftrag von Google verarbeiten. Google wird in keinem Fall die IP-Adresse mit anderen Daten, die von Google gespeichert werden, in Verbindung bringen.<\/p>\n<p>Durch die Nutzung dieser Website erkl\u00e4ren Sie sich mit der Bearbeitung der \u00fcber Sie erhobenen Daten durch Google in der zuvor beschriebenen Art und Weise und zu dem zuvor benannten Zweck einverstanden.<\/p>\n<p>Weitere Informationen erhalten Sie hier:&nbsp;<a href=\"http:\/\/www.google.com\/intl\/de\/analytics\/privacyoverview.html\" target=\"_blank\" rel=\"noopener noreferrer\">http:\/\/www.google.com\/intl\/de\/analytics\/privacyoverview.html<\/a><\/p>\n<p><strong><br><\/strong><\/p><p><strong>4. Server-LogFiles<\/strong><\/p>\n<p><strong>&nbsp;<\/strong><\/p>\n<p>Hoppe\u2019s Hamburg erhebt und speichert Informationen in sogenannten Server-LogFiles. Folgende Informationen werden von Ihrem Browser automatisch \u00fcbermittelt:<\/p>\n<p>&#8211; IP Adresse (im letzten Byte anonymisiert bzw. pseudonymisiert)<br>&#8211; Datum und Uhrzeit der Serveranfrage<br>&#8211; Methode \u201eGET\u201c oder \u201ePOST\u201c (abrufen oder senden)<br>&#8211; In Bezug genommene Dateien (bei abrufen oder senden)<br>&#8211; Protokoll (z.B. HTTP\/1.1)<br>&#8211; Status Code (Fehlermeldungen)<br>&#8211; Aufgerufene URL<br>&#8211; Browsertyp \/ Browserversion<br>&#8211; Betriebssystem<br>&#8211; Browserplugins wie Flash, Java oder Quicktime<br>&#8211; Referrer-URL (die zuvor besuchte Website)<br>&#8211; Suchbegriffe von z. B. Google<br>&#8211; Herkunftsland<\/p>\n<p>Ein Personenbezug kann anhand dieser Daten nicht hergestellt werden. Auch werden diese Daten nicht mit anderen Daten zusammengef\u00fchrt, Nutzerprofile werden nicht erstellt. Bestehen konkrete Anhaltspunkte f\u00fcr eine rechtswidrige Nutzung dieser Daten oder der Website, so beh\u00e4lt sich Hoppe\u2019s Hamburg eine Pr\u00fcfung der Daten vor.<\/p>\n<p><strong><br><\/strong><\/p><p><strong>5. Google Maps<\/strong><\/p>\n<p><strong>&nbsp;<\/strong><\/p>\n<p>Hoppe\u2019s Hamburg verwendet Google Maps, einen geographischen Informations-Dienst der Google Inc. (\u201eGoogle\u201c), 1600 Amphitheatre Parkway, Mountain View, CA 94043, USA, E-Mail:&nbsp;<a href=\"mailto:support-de@google.com\" target=\"_blank\" rel=\"noopener noreferrer\">support-de@google.com<\/a><\/p>\n<p>Von Google werden hierbei Daten \u00fcber die Nutzung der Maps-Funktionen durch Besucher von Hoppe\u2019s Hamburg erhoben, verarbeitet und genutzt.<\/p>\n<p>N\u00e4here Informationen \u00fcber die Datenverarbeitung durch Google erfahren Sie hier:&nbsp;<a href=\"http:\/\/www.google.com\/privacypolicy.html\" target=\"_blank\" rel=\"noopener noreferrer\">http:\/\/www.google.com\/privacypolicy.html<\/a>.<\/p>\n<p><strong><br><\/strong><\/p><p><strong>6. Social Media<\/strong><\/p>\n<p><strong>&nbsp;<\/strong><\/p>\n<p>Hoppe\u2019s Hamburg nutzt auf dieser Website Verlinkungen zu verschiedenen Social Media Portalen.<\/p>\n<p>F\u00fcr die sozialen Netzwerke sowie im allgemeinen f\u00fcr Websites von Drittanbietern gelten gesonderte Datenschutz- und Haftungsregelungen. Die Speicherung und Nutzung von personenbezogenen Daten durch den jeweiligen Seitenbetreiber, die bei Nutzung dessen Dienste anfallen, kann den Umfang dieser Datenschutzerkl\u00e4rung \u00fcberschreiten.<\/p>\n<p>Wenn Sie Mitglied eines sozialen Netzwerkes sind und nicht w\u00fcnschen, dass das soziale Netzwerk \u00fcber die Website von Hoppe\u2019s Hamburg Daten \u00fcber Sie erhebt und nutzt, m\u00fcssen Sie sich vor Ihrem Besuch dieses Internetauftritts dort ausloggen.<\/p>\n<p>N\u00e4here Informationen \u00fcber Datenschutzhinweise der Anbieter folgen:<\/p>\n<p><br><\/p><p><b>facebook<\/b><br>Betreiber: Facebook Inc., 1601 S. California Ave, Palo Alto, CA 94304, USA<br>Website:&nbsp;<a href=\"http:\/\/www.facebook.com\/\" target=\"_blank\" rel=\"noopener noreferrer\">http:\/\/www.facebook.com<\/a><br>Plugins:&nbsp;<a href=\"http:\/\/developers.facebook.com\/plugins\" target=\"_blank\" rel=\"noopener noreferrer\">http:\/\/developers.facebook.com\/plugins<\/a><br>Datenumfang:&nbsp;<a href=\"http:\/\/www.facebook.com\/help\/?faq=17512\" target=\"_blank\" rel=\"noopener noreferrer\">http:\/\/www.facebook.com\/help\/?faq=17512<\/a><br>Datenschutz:&nbsp;<a href=\"http:\/\/www.facebook.com\/policy.php\" target=\"_blank\" rel=\"noopener noreferrer\">http:\/\/www.facebook.com\/policy.php<\/a><br>Facebook Blocker:&nbsp;<a href=\"http:\/\/webgraph.com\/resources\/facebookblocker\" target=\"_blank\" rel=\"noopener noreferrer\">http:\/\/webgraph.com\/resources\/facebookblocker<\/a><\/p>\n<p><br><\/p><p><b>instagram<\/b><br>Betreiber: Facebook Inc., 1601 S. California Ave, Palo Alto, CA 94304, USA<br>Website:&nbsp;<a href=\"http:\/\/instagram.com\/\" target=\"_blank\" rel=\"noopener noreferrer\">http:\/\/instagram.com<\/a><br>Datenschutz:&nbsp;<a href=\"http:\/\/instagram.com\/about\/legal\/privacy\" target=\"_blank\" rel=\"noopener noreferrer\">http:\/\/instagram.com\/about\/legal\/privacy<\/a><\/p>\n<p><br><\/p><p><b>TripAdvisor<\/b><br>Betreiber: TripAdvisor Inc., 400 1st Avenue, Needham, MA 02494, USA<br>Website:&nbsp;<a href=\"https:\/\/www.tripadvisor.de\/\" target=\"_blank\" rel=\"noopener noreferrer\">https:\/\/www.tripadvisor.de<\/a><br>Datenschutz:&nbsp;<a href=\"https:\/\/www.tripadvisor.de\/pages\/privacy.html\" target=\"_blank\" rel=\"noopener noreferrer\">https:\/\/www.tripadvisor.de\/pages\/privacy.html<\/a><\/p>\n<p><br><\/p><p><b>OpenTable&nbsp;<\/b><\/p><p>Betreiber: OpenTable GmbH, Schumannstr. 27, 60325 Frankfurt<br>Website:&nbsp;<a href=\"https:\/\/www.opentable.de\/\" target=\"_blank\" rel=\"noopener noreferrer\">https:\/\/www.opentable.de\/<\/a><\/p>\n<p>Datenschutz:&nbsp;<a href=\"https:\/\/www.opentable.de\/legal\/privacy-policy\" target=\"_blank\" rel=\"noopener noreferrer\">https:\/\/www.opentable.de\/legal\/privacy-policy<\/a><\/p>\t\t\t\t\t<\/div>\n\t\t\t\t\t\t<\/div>\n\t\t\t\t<\/div>\n\t\t\t\t\t\t<\/div>\n\t\t\t\t\t<\/div>\n\t\t<\/div>\n\t\t\t\t\t\t\t\t<\/div>\n\t\t\t\t\t<\/div>\n\t\t<\/section>\n\t\t\t\t\t\t\t\t\t<\/div>\n\t\t\t<\/div>\n\t\t\t\t\t<\/div>\n\t\t","protected":false},"excerpt":{"rendered":"<p>Datenschutz Erhebung, Verarbeitung und Nutzung von personenbezogenen Daten &nbsp; Die folgenden Hinweise gelten f\u00fcr die Benutzung der Website des Restaurants \u201eHoppe\u2019s Hamburg\u201c (im Folgenden Hoppe\u2019s Hamburg) unter&nbsp;https:\/\/www.hoppes.hamburg Hoppe\u2019s Hamburg erhebt, verarbeitet und nutzt grunds\u00e4tzlich keine personenbezogenen Daten. Personenbezogene Daten sind nach \u00a7 3 Abs. 1&#8230;<\/p>\n","protected":false},"author":1,"featured_media":0,"parent":0,"menu_order":0,"comment_status":"closed","ping_status":"closed","template":"elementor_header_footer","meta":{"footnotes":""},"class_list":["post-735","page","type-page","status-publish","hentry"],"_links":{"self":[{"href":"https:\/\/www.hoppes.hamburg\/index.php?rest_route=\/wp\/v2\/pages\/735","targetHints":{"allow":["GET"]}}],"collection":[{"href":"https:\/\/www.hoppes.hamburg\/index.php?rest_route=\/wp\/v2\/pages"}],"about":[{"href":"https:\/\/www.hoppes.hamburg\/index.php?rest_route=\/wp\/v2\/types\/page"}],"author":[{"embeddable":true,"href":"https:\/\/www.hoppes.hamburg\/index.php?rest_route=\/wp\/v2\/users\/1"}],"replies":[{"embeddable":true,"href":"https:\/\/www.hoppes.hamburg\/index.php?rest_route=%2Fwp%2Fv2%2Fcomments&post=735"}],"version-history":[{"count":83,"href":"https:\/\/www.hoppes.hamburg\/index.php?rest_route=\/wp\/v2\/pages\/735\/revisions"}],"predecessor-version":[{"id":1073,"href":"https:\/\/www.hoppes.hamburg\/index.php?rest_route=\/wp\/v2\/pages\/735\/revisions\/1073"}],"wp:attachment":[{"href":"https:\/\/www.hoppes.hamburg\/index.php?rest_route=%2Fwp%2Fv2%2Fmedia&parent=735"}],"curies":[{"name":"wp","href":"https:\/\/api.w.org\/{rel}","templated":true}]}}